{"id":325,"date":"2025-04-08T14:51:58","date_gmt":"2025-04-08T12:51:58","guid":{"rendered":"https:\/\/new2025.ivs-group.li\/imprint\/"},"modified":"2025-04-25T15:57:31","modified_gmt":"2025-04-25T13:57:31","slug":"imprint","status":"publish","type":"page","link":"https:\/\/www.ivs-group.ch\/en\/imprint\/","title":{"rendered":"Imprint"},"content":{"rendered":"<div class=\"et_pb_section_0 et_pb_section et_section_regular et_flex_section\">\n<div class=\"et_pb_row_0 et_pb_row et_flex_row preset--module--divi-row--default\">\n<div class=\"et_pb_column_0 et_pb_column et-last-child et_flex_column et_pb_css_mix_blend_mode_passthrough et_flex_column_24_24 et_flex_column_24_24_tablet et_flex_column_24_24_phone et_flex_column_24_24_tabletWide\">\n<div class=\"et_pb_text_0 et_pb_text et_pb_bg_layout_light et_pb_module et_flex_module preset--module--divi-text--default\"><div class=\"et_pb_text_inner\"><h1 class=\"headline \">Imprint<\/h1>\n<div class=\"text \">\n<h2>Responsible for the content of the website is<\/h2>\n<\/div>\n<\/div><\/div>\n\n<div class=\"et_pb_text_1 et_pb_text et_pb_bg_layout_light et_pb_module et_flex_module preset--module--divi-text--default\"><div class=\"et_pb_text_inner\"><div class=\"text \">\n<div class=\"content__centered\">\n<p style=\"text-align: left;\">Institut f\u00fcr Verm\u00f6genssicherung AG<br \/>Spichermatt 11a<br \/>CH 6370 Stans<\/p>\n<p style=\"text-align: left;\">Firmen-ID CH-150.3.476.689-4<br \/>UID-Nummer CHE-203.628.822<\/p>\n<p style=\"text-align: left;\">Dr. Alexander T. Mohrenschildt, LL.M.<br \/><a href=\"mailto:office@ivs-group.ch\">office@ivs-group.ch<\/a><br \/><a href=\"mailto:office@ivs-group.ch\" style=\"font-size: 15px;\"><\/a>T: +41 41 530 26 33<\/p>\n<p style=\"text-align: left;\"><span>Place of jurisdiction: Stans NW<\/span><\/p>\n<p style=\"text-align: left;\"><span><\/span><\/p>\n<\/div>\n<div class=\"content__centered\">\n<h2>Liability for contents<\/h2>\n<p>The contents of this website have been prepared with due care. However, no liability can be accepted for the correctness, completeness and topicality of the contents.<\/p>\n<div class=\"content__centered\">\n<h2>Disclaimer<\/h2>\n<p>INSTITUT F\u00dcR VERM\u00d6GENSSICHERUNG does not perform fiscal or legal consultancy. The final assessment of individual cases therefore is the responsibility of your attorney or accountant. Also INSTITUT F\u00dcR VERM\u00d6GENSSICHERUNG does not provide any activities for which a special license is required.<\/p>\n<p>This publication only serves to inform. Neither does it state an offer or an invitation to an offer by the client, it does not invite to buy or sell investment or other specific solutions to or from any person in any jurisdiction.<br \/>This website therefore does not offer information society services following the 16 April 2003 act on electronic commerce (E-Commerce Act) in the case of LGBl. 2003 No 133.<\/p>\n<p>Although all information and opinions expressed in this document have been thoroughly checked on trustworthy and reliable sources, we reject and decline any contractual or tacit liability for incomplete or wrong information. All information and listed prices may be subject to change at any time without prior announcement.<\/p>\n<p>INSTITUT F\u00dcR VERM\u00d6GENSSICHERUNGG is the sole owner of copyrights to this website. Any use and\/or adaptation of its content, information and images, and the passing-on to third parties or publishing, reproduction or other forms of distribution, including the website link into other websites, portals, and collections of any form, is prohibited without explicit permission from INSTITUT F\u00dcR VERM\u00d6GENSSICHERUNG.<br \/>Access to this webpage\u2019s information may be limited through regulations and laws applicable to the user. Individuals who are targets of such restrictions are prohibited to access the INSTITUT F\u00dcR VERM\u00d6GENSSICHERUNG website.<\/p>\n<p>\u00a0<\/p>\n<\/div>\n<div class=\"content__centered\">\n<h2>Corpoprate Design<\/h2>\n<p>Gischt &amp; Glut GmbH<br \/>www.gischtundglut.de<\/p>\n<p>\u00a0<\/p>\n<\/div>\n<div class=\"content__centered\">\n<h2>Development<\/h2>\n<p>A45 Anstalt<br \/><a href=\"https:\/\/www.a45.li\/\">https:\/\/www.a45.li\/<\/a><\/p>\n<\/div>\n<\/div>\n<\/div>\n<\/div><\/div>\n<\/div>\n<\/div>\n<\/div>","protected":false},"excerpt":{"rendered":"","protected":false},"author":1,"featured_media":0,"parent":0,"menu_order":60,"comment_status":"closed","ping_status":"closed","template":"","meta":{"footnotes":""},"class_list":["post-325","page","type-page","status-publish","hentry"],"yoast_head":"<!-- This site is optimized with the Yoast SEO plugin v27.4 - https:\/\/yoast.com\/product\/yoast-seo-wordpress\/ -->\n<title>Imprint - IVS - Institut f\u00fcr Verm\u00f6genssicherung<\/title>\n<meta name=\"description\" content=\"IVS - Institut f\u00fcr Verm\u00f6genssicherung bietet massgeschneiderte, modular aufgebaute Dienstleistungen f\u00fcr Familien und Einzelpersonen im deutschsprachigen Raum an.\" \/>\n<meta name=\"robots\" content=\"index, follow, max-snippet:-1, max-image-preview:large, max-video-preview:-1\" \/>\n<link rel=\"canonical\" href=\"https:\/\/www.ivs-group.ch\/en\/imprint\/\" \/>\n<meta property=\"og:locale\" content=\"en_US\" \/>\n<meta property=\"og:type\" content=\"article\" \/>\n<meta property=\"og:title\" content=\"Imprint - IVS - Institut f\u00fcr Verm\u00f6genssicherung\" \/>\n<meta property=\"og:description\" content=\"IVS - Institut f\u00fcr Verm\u00f6genssicherung bietet massgeschneiderte, modular aufgebaute Dienstleistungen f\u00fcr Familien und Einzelpersonen im deutschsprachigen Raum an.\" \/>\n<meta property=\"og:url\" content=\"https:\/\/www.ivs-group.ch\/en\/imprint\/\" \/>\n<meta property=\"og:site_name\" content=\"IVS - Institut f\u00fcr Verm\u00f6genssicherung\" \/>\n<meta property=\"article:modified_time\" content=\"2025-04-25T13:57:31+00:00\" \/>\n<meta name=\"twitter:card\" content=\"summary_large_image\" \/>\n<script type=\"application\/ld+json\" class=\"yoast-schema-graph\">{\"@context\":\"https:\\\/\\\/schema.org\",\"@graph\":[{\"@type\":\"WebPage\",\"@id\":\"https:\\\/\\\/www.ivs-group.ch\\\/en\\\/imprint\\\/\",\"url\":\"https:\\\/\\\/www.ivs-group.ch\\\/en\\\/imprint\\\/\",\"name\":\"Imprint - IVS - Institut f\u00fcr Verm\u00f6genssicherung\",\"isPartOf\":{\"@id\":\"https:\\\/\\\/www.ivs-group.ch\\\/en\\\/#website\"},\"datePublished\":\"2025-04-08T12:51:58+00:00\",\"dateModified\":\"2025-04-25T13:57:31+00:00\",\"description\":\"IVS - Institut f\u00fcr Verm\u00f6genssicherung bietet massgeschneiderte, modular aufgebaute Dienstleistungen f\u00fcr Familien und Einzelpersonen im deutschsprachigen Raum an.\",\"breadcrumb\":{\"@id\":\"https:\\\/\\\/www.ivs-group.ch\\\/en\\\/imprint\\\/#breadcrumb\"},\"inLanguage\":\"en-US\",\"potentialAction\":[{\"@type\":\"ReadAction\",\"target\":[\"https:\\\/\\\/www.ivs-group.ch\\\/en\\\/imprint\\\/\"]}]},{\"@type\":\"BreadcrumbList\",\"@id\":\"https:\\\/\\\/www.ivs-group.ch\\\/en\\\/imprint\\\/#breadcrumb\",\"itemListElement\":[{\"@type\":\"ListItem\",\"position\":1,\"name\":\"Home\",\"item\":\"https:\\\/\\\/www.ivs-group.ch\\\/en\\\/\"},{\"@type\":\"ListItem\",\"position\":2,\"name\":\"Imprint\"}]},{\"@type\":\"WebSite\",\"@id\":\"https:\\\/\\\/www.ivs-group.ch\\\/en\\\/#website\",\"url\":\"https:\\\/\\\/www.ivs-group.ch\\\/en\\\/\",\"name\":\"IVS - Institut f\u00fcr Verm\u00f6genssicherung\",\"description\":\"\",\"publisher\":{\"@id\":\"https:\\\/\\\/www.ivs-group.ch\\\/en\\\/#organization\"},\"potentialAction\":[{\"@type\":\"SearchAction\",\"target\":{\"@type\":\"EntryPoint\",\"urlTemplate\":\"https:\\\/\\\/www.ivs-group.ch\\\/en\\\/?s={search_term_string}\"},\"query-input\":{\"@type\":\"PropertyValueSpecification\",\"valueRequired\":true,\"valueName\":\"search_term_string\"}}],\"inLanguage\":\"en-US\"},{\"@type\":\"Organization\",\"@id\":\"https:\\\/\\\/www.ivs-group.ch\\\/en\\\/#organization\",\"name\":\"IVS - Institut f\u00fcr Verm\u00f6genssicherung\",\"url\":\"https:\\\/\\\/www.ivs-group.ch\\\/en\\\/\",\"logo\":{\"@type\":\"ImageObject\",\"inLanguage\":\"en-US\",\"@id\":\"https:\\\/\\\/www.ivs-group.ch\\\/en\\\/#\\\/schema\\\/logo\\\/image\\\/\",\"url\":\"https:\\\/\\\/www.ivs-group.ch\\\/wp-content\\\/uploads\\\/2025\\\/04\\\/IVS_Logo_Bordeaux_LogoSchriftzugMittig_mitSicherheitsabstand_klein_RGB-300.png\",\"contentUrl\":\"https:\\\/\\\/www.ivs-group.ch\\\/wp-content\\\/uploads\\\/2025\\\/04\\\/IVS_Logo_Bordeaux_LogoSchriftzugMittig_mitSicherheitsabstand_klein_RGB-300.png\",\"width\":300,\"height\":245,\"caption\":\"IVS - Institut f\u00fcr Verm\u00f6genssicherung\"},\"image\":{\"@id\":\"https:\\\/\\\/www.ivs-group.ch\\\/en\\\/#\\\/schema\\\/logo\\\/image\\\/\"}}]}<\/script>\n<!-- \/ Yoast SEO plugin. -->","yoast_head_json":{"title":"Imprint - IVS - Institut f\u00fcr Verm\u00f6genssicherung","description":"IVS - Institut f\u00fcr Verm\u00f6genssicherung bietet massgeschneiderte, modular aufgebaute Dienstleistungen f\u00fcr Familien und Einzelpersonen im deutschsprachigen Raum an.","robots":{"index":"index","follow":"follow","max-snippet":"max-snippet:-1","max-image-preview":"max-image-preview:large","max-video-preview":"max-video-preview:-1"},"canonical":"https:\/\/www.ivs-group.ch\/en\/imprint\/","og_locale":"en_US","og_type":"article","og_title":"Imprint - IVS - Institut f\u00fcr Verm\u00f6genssicherung","og_description":"IVS - Institut f\u00fcr Verm\u00f6genssicherung bietet massgeschneiderte, modular aufgebaute Dienstleistungen f\u00fcr Familien und Einzelpersonen im deutschsprachigen Raum an.","og_url":"https:\/\/www.ivs-group.ch\/en\/imprint\/","og_site_name":"IVS - Institut f\u00fcr Verm\u00f6genssicherung","article_modified_time":"2025-04-25T13:57:31+00:00","twitter_card":"summary_large_image","schema":{"@context":"https:\/\/schema.org","@graph":[{"@type":"WebPage","@id":"https:\/\/www.ivs-group.ch\/en\/imprint\/","url":"https:\/\/www.ivs-group.ch\/en\/imprint\/","name":"Imprint - IVS - Institut f\u00fcr Verm\u00f6genssicherung","isPartOf":{"@id":"https:\/\/www.ivs-group.ch\/en\/#website"},"datePublished":"2025-04-08T12:51:58+00:00","dateModified":"2025-04-25T13:57:31+00:00","description":"IVS - Institut f\u00fcr Verm\u00f6genssicherung bietet massgeschneiderte, modular aufgebaute Dienstleistungen f\u00fcr Familien und Einzelpersonen im deutschsprachigen Raum an.","breadcrumb":{"@id":"https:\/\/www.ivs-group.ch\/en\/imprint\/#breadcrumb"},"inLanguage":"en-US","potentialAction":[{"@type":"ReadAction","target":["https:\/\/www.ivs-group.ch\/en\/imprint\/"]}]},{"@type":"BreadcrumbList","@id":"https:\/\/www.ivs-group.ch\/en\/imprint\/#breadcrumb","itemListElement":[{"@type":"ListItem","position":1,"name":"Home","item":"https:\/\/www.ivs-group.ch\/en\/"},{"@type":"ListItem","position":2,"name":"Imprint"}]},{"@type":"WebSite","@id":"https:\/\/www.ivs-group.ch\/en\/#website","url":"https:\/\/www.ivs-group.ch\/en\/","name":"IVS - Institut f\u00fcr Verm\u00f6genssicherung","description":"","publisher":{"@id":"https:\/\/www.ivs-group.ch\/en\/#organization"},"potentialAction":[{"@type":"SearchAction","target":{"@type":"EntryPoint","urlTemplate":"https:\/\/www.ivs-group.ch\/en\/?s={search_term_string}"},"query-input":{"@type":"PropertyValueSpecification","valueRequired":true,"valueName":"search_term_string"}}],"inLanguage":"en-US"},{"@type":"Organization","@id":"https:\/\/www.ivs-group.ch\/en\/#organization","name":"IVS - Institut f\u00fcr Verm\u00f6genssicherung","url":"https:\/\/www.ivs-group.ch\/en\/","logo":{"@type":"ImageObject","inLanguage":"en-US","@id":"https:\/\/www.ivs-group.ch\/en\/#\/schema\/logo\/image\/","url":"https:\/\/www.ivs-group.ch\/wp-content\/uploads\/2025\/04\/IVS_Logo_Bordeaux_LogoSchriftzugMittig_mitSicherheitsabstand_klein_RGB-300.png","contentUrl":"https:\/\/www.ivs-group.ch\/wp-content\/uploads\/2025\/04\/IVS_Logo_Bordeaux_LogoSchriftzugMittig_mitSicherheitsabstand_klein_RGB-300.png","width":300,"height":245,"caption":"IVS - Institut f\u00fcr Verm\u00f6genssicherung"},"image":{"@id":"https:\/\/www.ivs-group.ch\/en\/#\/schema\/logo\/image\/"}}]}},"_links":{"self":[{"href":"https:\/\/www.ivs-group.ch\/en\/wp-json\/wp\/v2\/pages\/325","targetHints":{"allow":["GET"]}}],"collection":[{"href":"https:\/\/www.ivs-group.ch\/en\/wp-json\/wp\/v2\/pages"}],"about":[{"href":"https:\/\/www.ivs-group.ch\/en\/wp-json\/wp\/v2\/types\/page"}],"author":[{"embeddable":true,"href":"https:\/\/www.ivs-group.ch\/en\/wp-json\/wp\/v2\/users\/1"}],"replies":[{"embeddable":true,"href":"https:\/\/www.ivs-group.ch\/en\/wp-json\/wp\/v2\/comments?post=325"}],"version-history":[{"count":7,"href":"https:\/\/www.ivs-group.ch\/en\/wp-json\/wp\/v2\/pages\/325\/revisions"}],"predecessor-version":[{"id":535,"href":"https:\/\/www.ivs-group.ch\/en\/wp-json\/wp\/v2\/pages\/325\/revisions\/535"}],"wp:attachment":[{"href":"https:\/\/www.ivs-group.ch\/en\/wp-json\/wp\/v2\/media?parent=325"}],"curies":[{"name":"wp","href":"https:\/\/api.w.org\/{rel}","templated":true}]}}