{"id":317,"date":"2025-04-08T14:49:34","date_gmt":"2025-04-08T12:49:34","guid":{"rendered":"https:\/\/new2025.ivs-group.li\/contact\/"},"modified":"2025-04-25T15:57:40","modified_gmt":"2025-04-25T13:57:40","slug":"contact","status":"publish","type":"page","link":"https:\/\/www.ivs-group.ch\/en\/contact\/","title":{"rendered":"Contact"},"content":{"rendered":"<div class=\"et_pb_section_0 et_pb_section et_section_regular et_flex_section\">\n<div class=\"et_pb_row_0 et_pb_row et_flex_row preset--module--divi-row--default\">\n<div class=\"et_pb_column_0 et_pb_column et-last-child et_flex_column et_pb_css_mix_blend_mode_passthrough et_flex_column_24_24 et_flex_column_24_24_tablet et_flex_column_24_24_phone et_flex_column_24_24_tabletWide\">\n<div class=\"et_pb_text_0 et_pb_text et_pb_bg_layout_light et_pb_module et_flex_module preset--module--divi-text--default\"><div class=\"et_pb_text_inner\"><h1>Contact<\/h1>\n<\/div><\/div>\n\n<div class=\"et_pb_text_1 et_pb_text et_pb_bg_layout_light et_pb_module et_flex_module preset--module--divi-text--default\"><div class=\"et_pb_text_inner\"><p><span>We are looking forward to your message:<\/span><\/p>\n<p>Institut f\u00fcr Verm\u00f6genssicherung AG<br \/>Spichermatt 11a<br \/>CH 6370 Stans<br \/>Schweiz<\/p>\n<p><a href=\"mailto:office@ivs-group.ch\">office@ivs-group.ch<\/a><\/p>\n<p>T: +41 41 530 26 33<\/p>\n<p>\u00a0<\/p>\n<p>Additional opening hours<br \/>Please also be aware of the public holidays in Switzerland.<\/p>\n<p>We are happy to be available at the following bank holidays (in case they are on a weekday)<\/p>\n<p>15.08. - Liechtenstein National Holiday<br \/>03.10. - Day of German Unity<br \/>26.10.- Austrian National Holiday<\/p>\n<\/div><\/div>\n<\/div>\n<\/div>\n<\/div>","protected":false},"excerpt":{"rendered":"","protected":false},"author":1,"featured_media":0,"parent":0,"menu_order":40,"comment_status":"closed","ping_status":"closed","template":"","meta":{"footnotes":""},"class_list":["post-317","page","type-page","status-publish","hentry"],"yoast_head":"<!-- This site is optimized with the Yoast SEO plugin v27.4 - https:\/\/yoast.com\/product\/yoast-seo-wordpress\/ -->\n<title>Contact - IVS - Institut f\u00fcr Verm\u00f6genssicherung<\/title>\n<meta name=\"description\" content=\"IVS - Institut f\u00fcr Verm\u00f6genssicherung bietet massgeschneiderte, modular aufgebaute Dienstleistungen f\u00fcr Familien und Einzelpersonen im deutschsprachigen Raum an.\" \/>\n<meta name=\"robots\" content=\"index, follow, max-snippet:-1, max-image-preview:large, max-video-preview:-1\" \/>\n<link rel=\"canonical\" href=\"https:\/\/www.ivs-group.ch\/en\/contact\/\" \/>\n<meta property=\"og:locale\" content=\"en_US\" \/>\n<meta property=\"og:type\" content=\"article\" \/>\n<meta property=\"og:title\" content=\"Contact - IVS - Institut f\u00fcr Verm\u00f6genssicherung\" \/>\n<meta property=\"og:description\" content=\"IVS - Institut f\u00fcr Verm\u00f6genssicherung bietet massgeschneiderte, modular aufgebaute Dienstleistungen f\u00fcr Familien und Einzelpersonen im deutschsprachigen Raum an.\" \/>\n<meta property=\"og:url\" content=\"https:\/\/www.ivs-group.ch\/en\/contact\/\" \/>\n<meta property=\"og:site_name\" content=\"IVS - Institut f\u00fcr Verm\u00f6genssicherung\" \/>\n<meta property=\"article:modified_time\" content=\"2025-04-25T13:57:40+00:00\" \/>\n<meta name=\"twitter:card\" content=\"summary_large_image\" \/>\n<script type=\"application\/ld+json\" class=\"yoast-schema-graph\">{\"@context\":\"https:\\\/\\\/schema.org\",\"@graph\":[{\"@type\":\"WebPage\",\"@id\":\"https:\\\/\\\/www.ivs-group.ch\\\/en\\\/contact\\\/\",\"url\":\"https:\\\/\\\/www.ivs-group.ch\\\/en\\\/contact\\\/\",\"name\":\"Contact - IVS - Institut f\u00fcr Verm\u00f6genssicherung\",\"isPartOf\":{\"@id\":\"https:\\\/\\\/www.ivs-group.ch\\\/en\\\/#website\"},\"datePublished\":\"2025-04-08T12:49:34+00:00\",\"dateModified\":\"2025-04-25T13:57:40+00:00\",\"description\":\"IVS - Institut f\u00fcr Verm\u00f6genssicherung bietet massgeschneiderte, modular aufgebaute Dienstleistungen f\u00fcr Familien und Einzelpersonen im deutschsprachigen Raum an.\",\"breadcrumb\":{\"@id\":\"https:\\\/\\\/www.ivs-group.ch\\\/en\\\/contact\\\/#breadcrumb\"},\"inLanguage\":\"en-US\",\"potentialAction\":[{\"@type\":\"ReadAction\",\"target\":[\"https:\\\/\\\/www.ivs-group.ch\\\/en\\\/contact\\\/\"]}]},{\"@type\":\"BreadcrumbList\",\"@id\":\"https:\\\/\\\/www.ivs-group.ch\\\/en\\\/contact\\\/#breadcrumb\",\"itemListElement\":[{\"@type\":\"ListItem\",\"position\":1,\"name\":\"Home\",\"item\":\"https:\\\/\\\/www.ivs-group.ch\\\/en\\\/\"},{\"@type\":\"ListItem\",\"position\":2,\"name\":\"Contact\"}]},{\"@type\":\"WebSite\",\"@id\":\"https:\\\/\\\/www.ivs-group.ch\\\/en\\\/#website\",\"url\":\"https:\\\/\\\/www.ivs-group.ch\\\/en\\\/\",\"name\":\"IVS - Institut f\u00fcr Verm\u00f6genssicherung\",\"description\":\"\",\"publisher\":{\"@id\":\"https:\\\/\\\/www.ivs-group.ch\\\/en\\\/#organization\"},\"potentialAction\":[{\"@type\":\"SearchAction\",\"target\":{\"@type\":\"EntryPoint\",\"urlTemplate\":\"https:\\\/\\\/www.ivs-group.ch\\\/en\\\/?s={search_term_string}\"},\"query-input\":{\"@type\":\"PropertyValueSpecification\",\"valueRequired\":true,\"valueName\":\"search_term_string\"}}],\"inLanguage\":\"en-US\"},{\"@type\":\"Organization\",\"@id\":\"https:\\\/\\\/www.ivs-group.ch\\\/en\\\/#organization\",\"name\":\"IVS - Institut f\u00fcr Verm\u00f6genssicherung\",\"url\":\"https:\\\/\\\/www.ivs-group.ch\\\/en\\\/\",\"logo\":{\"@type\":\"ImageObject\",\"inLanguage\":\"en-US\",\"@id\":\"https:\\\/\\\/www.ivs-group.ch\\\/en\\\/#\\\/schema\\\/logo\\\/image\\\/\",\"url\":\"https:\\\/\\\/www.ivs-group.ch\\\/wp-content\\\/uploads\\\/2025\\\/04\\\/IVS_Logo_Bordeaux_LogoSchriftzugMittig_mitSicherheitsabstand_klein_RGB-300.png\",\"contentUrl\":\"https:\\\/\\\/www.ivs-group.ch\\\/wp-content\\\/uploads\\\/2025\\\/04\\\/IVS_Logo_Bordeaux_LogoSchriftzugMittig_mitSicherheitsabstand_klein_RGB-300.png\",\"width\":300,\"height\":245,\"caption\":\"IVS - Institut f\u00fcr Verm\u00f6genssicherung\"},\"image\":{\"@id\":\"https:\\\/\\\/www.ivs-group.ch\\\/en\\\/#\\\/schema\\\/logo\\\/image\\\/\"}}]}<\/script>\n<!-- \/ Yoast SEO plugin. -->","yoast_head_json":{"title":"Contact - IVS - Institut f\u00fcr Verm\u00f6genssicherung","description":"IVS - Institut f\u00fcr Verm\u00f6genssicherung bietet massgeschneiderte, modular aufgebaute Dienstleistungen f\u00fcr Familien und Einzelpersonen im deutschsprachigen Raum an.","robots":{"index":"index","follow":"follow","max-snippet":"max-snippet:-1","max-image-preview":"max-image-preview:large","max-video-preview":"max-video-preview:-1"},"canonical":"https:\/\/www.ivs-group.ch\/en\/contact\/","og_locale":"en_US","og_type":"article","og_title":"Contact - IVS - Institut f\u00fcr Verm\u00f6genssicherung","og_description":"IVS - Institut f\u00fcr Verm\u00f6genssicherung bietet massgeschneiderte, modular aufgebaute Dienstleistungen f\u00fcr Familien und Einzelpersonen im deutschsprachigen Raum an.","og_url":"https:\/\/www.ivs-group.ch\/en\/contact\/","og_site_name":"IVS - Institut f\u00fcr Verm\u00f6genssicherung","article_modified_time":"2025-04-25T13:57:40+00:00","twitter_card":"summary_large_image","schema":{"@context":"https:\/\/schema.org","@graph":[{"@type":"WebPage","@id":"https:\/\/www.ivs-group.ch\/en\/contact\/","url":"https:\/\/www.ivs-group.ch\/en\/contact\/","name":"Contact - IVS - Institut f\u00fcr Verm\u00f6genssicherung","isPartOf":{"@id":"https:\/\/www.ivs-group.ch\/en\/#website"},"datePublished":"2025-04-08T12:49:34+00:00","dateModified":"2025-04-25T13:57:40+00:00","description":"IVS - Institut f\u00fcr Verm\u00f6genssicherung bietet massgeschneiderte, modular aufgebaute Dienstleistungen f\u00fcr Familien und Einzelpersonen im deutschsprachigen Raum an.","breadcrumb":{"@id":"https:\/\/www.ivs-group.ch\/en\/contact\/#breadcrumb"},"inLanguage":"en-US","potentialAction":[{"@type":"ReadAction","target":["https:\/\/www.ivs-group.ch\/en\/contact\/"]}]},{"@type":"BreadcrumbList","@id":"https:\/\/www.ivs-group.ch\/en\/contact\/#breadcrumb","itemListElement":[{"@type":"ListItem","position":1,"name":"Home","item":"https:\/\/www.ivs-group.ch\/en\/"},{"@type":"ListItem","position":2,"name":"Contact"}]},{"@type":"WebSite","@id":"https:\/\/www.ivs-group.ch\/en\/#website","url":"https:\/\/www.ivs-group.ch\/en\/","name":"IVS - Institut f\u00fcr Verm\u00f6genssicherung","description":"","publisher":{"@id":"https:\/\/www.ivs-group.ch\/en\/#organization"},"potentialAction":[{"@type":"SearchAction","target":{"@type":"EntryPoint","urlTemplate":"https:\/\/www.ivs-group.ch\/en\/?s={search_term_string}"},"query-input":{"@type":"PropertyValueSpecification","valueRequired":true,"valueName":"search_term_string"}}],"inLanguage":"en-US"},{"@type":"Organization","@id":"https:\/\/www.ivs-group.ch\/en\/#organization","name":"IVS - Institut f\u00fcr Verm\u00f6genssicherung","url":"https:\/\/www.ivs-group.ch\/en\/","logo":{"@type":"ImageObject","inLanguage":"en-US","@id":"https:\/\/www.ivs-group.ch\/en\/#\/schema\/logo\/image\/","url":"https:\/\/www.ivs-group.ch\/wp-content\/uploads\/2025\/04\/IVS_Logo_Bordeaux_LogoSchriftzugMittig_mitSicherheitsabstand_klein_RGB-300.png","contentUrl":"https:\/\/www.ivs-group.ch\/wp-content\/uploads\/2025\/04\/IVS_Logo_Bordeaux_LogoSchriftzugMittig_mitSicherheitsabstand_klein_RGB-300.png","width":300,"height":245,"caption":"IVS - Institut f\u00fcr Verm\u00f6genssicherung"},"image":{"@id":"https:\/\/www.ivs-group.ch\/en\/#\/schema\/logo\/image\/"}}]}},"_links":{"self":[{"href":"https:\/\/www.ivs-group.ch\/en\/wp-json\/wp\/v2\/pages\/317","targetHints":{"allow":["GET"]}}],"collection":[{"href":"https:\/\/www.ivs-group.ch\/en\/wp-json\/wp\/v2\/pages"}],"about":[{"href":"https:\/\/www.ivs-group.ch\/en\/wp-json\/wp\/v2\/types\/page"}],"author":[{"embeddable":true,"href":"https:\/\/www.ivs-group.ch\/en\/wp-json\/wp\/v2\/users\/1"}],"replies":[{"embeddable":true,"href":"https:\/\/www.ivs-group.ch\/en\/wp-json\/wp\/v2\/comments?post=317"}],"version-history":[{"count":13,"href":"https:\/\/www.ivs-group.ch\/en\/wp-json\/wp\/v2\/pages\/317\/revisions"}],"predecessor-version":[{"id":536,"href":"https:\/\/www.ivs-group.ch\/en\/wp-json\/wp\/v2\/pages\/317\/revisions\/536"}],"wp:attachment":[{"href":"https:\/\/www.ivs-group.ch\/en\/wp-json\/wp\/v2\/media?parent=317"}],"curies":[{"name":"wp","href":"https:\/\/api.w.org\/{rel}","templated":true}]}}