{"id":285,"date":"2025-04-08T14:46:24","date_gmt":"2025-04-08T12:46:24","guid":{"rendered":"https:\/\/new2025.ivs-group.li\/home\/"},"modified":"2025-04-22T09:16:02","modified_gmt":"2025-04-22T07:16:02","slug":"home","status":"publish","type":"page","link":"https:\/\/www.ivs-group.ch\/en\/","title":{"rendered":"Home"},"content":{"rendered":"<div class=\"et_pb_section_0 et_pb_section et_section_regular et_flex_section\">\n<div class=\"et_pb_row_0 et_pb_row et_flex_row preset--module--divi-row--default\">\n<div class=\"et_pb_column_0 et_pb_column et-last-child et_flex_column et_pb_css_mix_blend_mode_passthrough et_flex_column_24_24 et_flex_column_24_24_tablet et_flex_column_24_24_phone et_flex_column_24_24_tabletWide\">\n<div class=\"et_pb_text_0 et_pb_text et_pb_bg_layout_light et_pb_module et_flex_module preset--module--divi-text--default\"><div class=\"et_pb_text_inner\"><h1>Welcome to<br \/>INSTITUT F\u00dcR VERM\u00d6GENSSICHERUNG<\/h1>\n<\/div><\/div>\n\n<div class=\"et_pb_text_1 et_pb_text et_pb_bg_layout_light et_pb_module et_flex_module preset--module--divi-text--default\"><div class=\"et_pb_text_inner\"><p>INSTITUT F\u00dcR VERM\u00d6GENSSICHERUNG offers tailor-made, modular services for international families and individuals. We put your assets on a secure footing and optimise the arrangement for present and future generations. We have access to a large network of experts.<\/p>\n<p>As an independent company, we do not have any sales or product specifications and are solely committed to your goals and motives. We are your personal asset management assistant and develop the appropriate services for you.<\/p>\n<p>We develop acquisition, sales and marketing concepts for financial service providers and support their implementation on international markets.<\/p>\n<\/div><\/div>\n<\/div>\n<\/div>\n<\/div>\n\n<div class=\"et_pb_section_1 et_pb_section et_section_regular et_flex_section\">\n<div class=\"et_pb_row_1 et_pb_row et_flex_row preset--module--divi-row--default\">\n<div class=\"et_pb_column_1 et_pb_column et-last-child et_flex_column et_pb_css_mix_blend_mode_passthrough et_flex_column_24_24 et_flex_column_24_24_tablet et_flex_column_24_24_phone et_flex_column_24_24_tabletWide\">\n<div class=\"et_pb_text_2 et_pb_text et_pb_bg_layout_light et_pb_module et_flex_module preset--module--divi-text--default\"><div class=\"et_pb_text_inner\"><h1 class=\"headline \">INSTITUT F\u00dcR VERM\u00d6GENSSICHERUNG, Stans NW<\/h1>\n<\/div><\/div>\n\n<div class=\"et_pb_text_3 et_pb_text et_pb_bg_layout_light et_pb_module et_flex_module preset--module--divi-text--default\"><div class=\"et_pb_text_inner\"><p>We are a consulting company organised on a partnership basis. The head office in Liechtenstein guarantees highest quality. In the middle of Europe we are close to our clients.<\/p>\n<p><strong>Dr. Alexander T. Mohrenschildt LL.M.<\/strong><span>\u00a0<\/span>has more than 25 years of experience in advising affluent private clients and their advisers at private banks, asset management companies, trustees, accountancy and law firms.<\/p>\n<\/div><\/div>\n<\/div>\n<\/div>\n<\/div>\n\n<div class=\"et_pb_section_2 et_pb_section et_section_regular et_flex_section\">\n<div class=\"et_pb_row_2 et_pb_row et_flex_row preset--module--divi-row--default\">\n<div class=\"et_pb_column_2 et_pb_column et-last-child et_flex_column et_pb_css_mix_blend_mode_passthrough et_flex_column_24_24 et_flex_column_24_24_tablet et_flex_column_24_24_phone et_flex_column_24_24_tabletWide\">\n<div class=\"et_pb_text_4 et_pb_text et_pb_bg_layout_light et_pb_module et_flex_module preset--module--divi-text--default\"><div class=\"et_pb_text_inner\"><h1 class=\"headline headline--2\">\u201cIt\u2019s not about which taxes but how you manage them.\u201d<\/h1>\n<\/div><\/div>\n<\/div>\n<\/div>\n<\/div>\n\n<div class=\"et_pb_section_3 et_pb_section et_section_regular et_flex_section\">\n<div class=\"et_pb_row_3 et_pb_row et_flex_row preset--module--divi-row--default\">\n<div class=\"et_pb_column_3 et_pb_column et-last-child et_flex_column et_pb_css_mix_blend_mode_passthrough et_flex_column_24_24 et_flex_column_24_24_tablet et_flex_column_24_24_phone et_flex_column_24_24_tabletWide\">\n<div class=\"et_pb_image_0 et_pb_image et_pb_module et_flex_module my-parallax-image\"><span class=\"et_pb_image_wrap\"><img loading=\"lazy\" decoding=\"async\" src=\"https:\/\/www.ivs-group.ch\/wp-content\/uploads\/2025\/04\/Portrait_colormin.jpg\" title=\"Portrait_colormin\" width=\"1024\" height=\"683\" srcset=\"https:\/\/www.ivs-group.ch\/wp-content\/uploads\/2025\/04\/Portrait_colormin.jpg 1024w, https:\/\/www.ivs-group.ch\/wp-content\/uploads\/2025\/04\/Portrait_colormin-980x654.jpg 980w, https:\/\/www.ivs-group.ch\/wp-content\/uploads\/2025\/04\/Portrait_colormin-480x320.jpg 480w\" sizes=\"(min-width: 0px) and (max-width: 480px) 480px, (min-width: 481px) and (max-width: 980px) 980px, (min-width: 981px) 1024px, 100vw\" class=\"wp-image-123\" \/><\/span><\/div>\n<\/div>\n<\/div>\n<\/div>\n\n<div class=\"et_pb_section_4 et_pb_section et_section_regular et_flex_section\">\n<div class=\"et_pb_row_4 et_pb_row et_flex_row preset--module--divi-row--default\">\n<div class=\"et_pb_column_4 et_pb_column et-last-child et_flex_column et_pb_css_mix_blend_mode_passthrough et_flex_column_24_24 et_flex_column_24_24_tablet et_flex_column_24_24_phone et_flex_column_24_24_tabletWide\">\n<div class=\"et_pb_text_5 et_pb_text et_pb_bg_layout_light et_pb_module et_flex_module preset--module--divi-text--default\"><div class=\"et_pb_text_inner\"><h1><span>\u201cWe\u2019re good at what we do, we enjoy it and we\u2019re committed\u201d<\/span><\/h1>\n<\/div><\/div>\n<\/div>\n<\/div>\n<\/div>\n\n<div class=\"et_pb_section_5 et_pb_section et_section_regular et_flex_section\">\n<div class=\"et_pb_row_5 et_pb_row et_flex_row preset--module--divi-row--default\">\n<div class=\"et_pb_column_5 et_pb_column et-last-child et_flex_column et_pb_css_mix_blend_mode_passthrough et_flex_column_24_24 et_flex_column_24_24_tablet et_flex_column_24_24_phone et_flex_column_24_24_tabletWide\">\n<div class=\"et_pb_text_6 et_pb_text et_pb_bg_layout_light et_pb_module et_flex_module preset--module--divi-text--default\"><div class=\"et_pb_text_inner\"><h1 class=\"headline \">Dr. Alexander T.<br \/>Mohrenschildt LL.M.<\/h1>\n<\/div><\/div>\n\n<div class=\"et_pb_text_7 et_pb_text et_pb_bg_layout_light et_pb_module et_flex_module preset--module--divi-text--default\"><div class=\"et_pb_text_inner\"><p>Dr. Alexander T. Mohrenschildt LL.M. began his career with the Allianz Group in Vienna and London. He then continued his legal studies for two years at the University of Vienna\u2019s Department of Civil Law, where he received his doctorate with distinction.<\/p>\n<p>From 1997 he was responsible for product development and sales at the leading life insurance company in Liechtenstein. His focus was on optimising the legal and tax aspects of client\u2019s situation by linking product development with the structuring of solutions.<\/p>\n<p>Dr. Alexander T. Mohrenschildt LL.M. most recently acted as CEO for another company in the growing insurance industry in Liechtenstein.<br \/>He is a regular speaker at international conferences and at the ICQM (Institute for Compliance and Quality Management), which he co-founded in 2000.<br \/>Dr. Alexander T. Mohrenschildt LL.M. is the founder and chairman of the Institut f\u00fcr Verm\u00f6gensstrukturierung e.V. in Berlin, which deals with the structuring of large assets at the interface between civil, tax and supervisory law, taking economic aspects into account.<\/p>\n<p>Dr. Alexander T. Mohrenschildt LL.M. is supported by high motivated employees at INSTITUT F\u00dcR VERM\u00d6GENSSICHERUNG. He has access to a large professional network of experts.<\/p>\n<\/div><\/div>\n<\/div>\n<\/div>\n<\/div>\n\n<div class=\"et_pb_section_6 et_pb_section et_section_regular et_flex_section\">\n<div class=\"et_pb_row_6 et_pb_row et_flex_row preset--module--divi-row--default\">\n<div class=\"et_pb_column_6 et_pb_column et-last-child et_flex_column et_pb_css_mix_blend_mode_passthrough et_flex_column_24_24 et_flex_column_24_24_tablet et_flex_column_24_24_phone et_flex_column_24_24_tabletWide\">\n<div class=\"et_pb_text_8 et_pb_text et_pb_bg_layout_light et_pb_module et_flex_module preset--module--divi-text--default\"><div class=\"et_pb_text_inner\"><h1 class=\"headline \">DR. DANIEL WELKER,<br \/>ADVISORY BOARD<\/h1>\n<\/div><\/div>\n\n<div class=\"et_pb_image_1 et_pb_image et_pb_module et_flex_module\"><span class=\"et_pb_image_wrap\"><img loading=\"lazy\" decoding=\"async\" src=\"https:\/\/www.ivs-group.ch\/wp-content\/uploads\/2025\/04\/Foto-Dr-Daniel-Welker.jpg\" title=\"Foto-Dr-Daniel-Welker\" width=\"300\" height=\"300\" srcset=\"https:\/\/www.ivs-group.ch\/wp-content\/uploads\/2025\/04\/Foto-Dr-Daniel-Welker.jpg 300w, https:\/\/www.ivs-group.ch\/wp-content\/uploads\/2025\/04\/Foto-Dr-Daniel-Welker-150x150.jpg 150w\" sizes=\"(max-width: 300px) 100vw, 300px\" class=\"wp-image-478\" \/><\/span><\/div>\n\n<div class=\"et_pb_text_9 et_pb_text et_pb_bg_layout_light et_pb_module et_flex_module preset--module--divi-text--default\"><div class=\"et_pb_text_inner\"><p><strong>Dr Daniel Welker<\/strong><span>\u00a0<\/span>has worked for more than 15 years in leading positions in the areas of law and tax, product development and structuring in international companies and financial institutions in Germany and abroad.<\/p>\n<p>His technical expertise and knowledge of internal company procedures and processes help to simplify the implementation and realisation of legal aspects and topics as part of his consultancy work. After completing his legal training in Germany in Halle (Saale), Munich and at the University of Sydney, Dr Daniel Welker obtained his doctorate while working and completed additional studies in international banking, capital markets and insurance law at the University of Zurich.<\/p>\n<p>Dr Daniel Welker has been working as a lecturer for business law at the Baden-W\u00fcrttemberg Cooperative State University (DHBW) since 2016. He is also the author of various specialist publications on commercial law and a speaker for specialist lectures.<\/p>\n<\/div><\/div>\n<\/div>\n<\/div>\n<\/div>\n\n<div class=\"et_pb_section_7 et_pb_section et_section_regular et_flex_section\">\n<div class=\"et_pb_row_7 et_pb_row et_flex_row preset--module--divi-row--default\">\n<div class=\"et_pb_column_7 et_pb_column et-last-child et_flex_column et_pb_css_mix_blend_mode_passthrough et_flex_column_24_24 et_flex_column_24_24_tablet et_flex_column_24_24_phone et_flex_column_24_24_tabletWide\">\n<div class=\"et_pb_text_10 et_pb_text et_pb_bg_layout_light et_pb_module et_flex_module preset--module--divi-text--default\"><div class=\"et_pb_text_inner\"><h1 class=\"headline \">JOACHIM BECKMANN,<br \/>ADVISORY BOARD<\/h1>\n<\/div><\/div>\n\n<div class=\"et_pb_image_2 et_pb_image et_pb_module et_flex_module\"><span class=\"et_pb_image_wrap\"><img loading=\"lazy\" decoding=\"async\" src=\"https:\/\/www.ivs-group.ch\/wp-content\/uploads\/2025\/04\/Joachim_Beckmann-5863-300x300-1.jpg\" title=\"Joachim_Beckmann-5863-300x300-1\" width=\"300\" height=\"300\" srcset=\"https:\/\/www.ivs-group.ch\/wp-content\/uploads\/2025\/04\/Joachim_Beckmann-5863-300x300-1.jpg 300w, https:\/\/www.ivs-group.ch\/wp-content\/uploads\/2025\/04\/Joachim_Beckmann-5863-300x300-1-150x150.jpg 150w\" sizes=\"(max-width: 300px) 100vw, 300px\" class=\"wp-image-480\" \/><\/span><\/div>\n\n<div class=\"et_pb_text_11 et_pb_text et_pb_bg_layout_light et_pb_module et_flex_module preset--module--divi-text--default\"><div class=\"et_pb_text_inner\"><p><span>Joachim Beckmann worked in the banking sector from November 1971 to February 2017; initially at Deutsche Bank and from October 1980 for Joh. Berenberg, Gossler &amp; Co. KG, for which he acquired wealthy families and HNWI for private banking and advised them on their asset structuring in the 16 years before his retirement. Since February 2017, Mr Beckmann has been contributing his experience and expertise in contact brokerage for organisations with a focus on tax advice and non-liquid asset investments.<\/span><\/p>\n<\/div><\/div>\n<\/div>\n<\/div>\n<\/div>","protected":false},"excerpt":{"rendered":"<p>We take measurements &#8211; and create the best framework conditions for your assets.<\/p>\n","protected":false},"author":1,"featured_media":461,"parent":0,"menu_order":0,"comment_status":"closed","ping_status":"closed","template":"","meta":{"footnotes":""},"class_list":["post-285","page","type-page","status-publish","has-post-thumbnail","hentry"],"yoast_head":"<!-- This site is optimized with the Yoast SEO plugin v27.4 - https:\/\/yoast.com\/product\/yoast-seo-wordpress\/ -->\n<title>Home - IVS - Institut f\u00fcr Verm\u00f6genssicherung<\/title>\n<meta name=\"description\" content=\"IVS - Institut f\u00fcr Verm\u00f6genssicherung offers customized, modular services for families and individuals in German-speaking countries.\" \/>\n<meta name=\"robots\" content=\"index, follow, max-snippet:-1, max-image-preview:large, max-video-preview:-1\" \/>\n<link rel=\"canonical\" href=\"https:\/\/www.ivs-group.ch\/en\/\" \/>\n<meta property=\"og:locale\" content=\"en_US\" \/>\n<meta property=\"og:type\" content=\"article\" \/>\n<meta property=\"og:title\" content=\"Home - IVS - Institut f\u00fcr Verm\u00f6genssicherung\" \/>\n<meta property=\"og:description\" content=\"IVS - Institut f\u00fcr Verm\u00f6genssicherung offers customized, modular services for families and individuals in German-speaking countries.\" \/>\n<meta property=\"og:url\" content=\"https:\/\/www.ivs-group.ch\/en\/\" \/>\n<meta property=\"og:site_name\" content=\"IVS - Institut f\u00fcr Verm\u00f6genssicherung\" \/>\n<meta property=\"article:modified_time\" content=\"2025-04-22T07:16:02+00:00\" \/>\n<meta property=\"og:image\" content=\"https:\/\/www.ivs-group.ch\/wp-content\/uploads\/2025\/04\/IVS_Schweiz_Heimatverbunden.jpg\" \/>\n\t<meta property=\"og:image:width\" content=\"1920\" \/>\n\t<meta property=\"og:image:height\" content=\"1078\" \/>\n\t<meta property=\"og:image:type\" content=\"image\/jpeg\" \/>\n<meta name=\"twitter:card\" content=\"summary_large_image\" \/>\n<script type=\"application\/ld+json\" class=\"yoast-schema-graph\">{\"@context\":\"https:\\\/\\\/schema.org\",\"@graph\":[{\"@type\":\"WebPage\",\"@id\":\"https:\\\/\\\/www.ivs-group.ch\\\/en\\\/\",\"url\":\"https:\\\/\\\/www.ivs-group.ch\\\/en\\\/\",\"name\":\"Home - IVS - Institut f\u00fcr Verm\u00f6genssicherung\",\"isPartOf\":{\"@id\":\"https:\\\/\\\/www.ivs-group.ch\\\/en\\\/#website\"},\"primaryImageOfPage\":{\"@id\":\"https:\\\/\\\/www.ivs-group.ch\\\/en\\\/#primaryimage\"},\"image\":{\"@id\":\"https:\\\/\\\/www.ivs-group.ch\\\/en\\\/#primaryimage\"},\"thumbnailUrl\":\"https:\\\/\\\/www.ivs-group.ch\\\/wp-content\\\/uploads\\\/2025\\\/04\\\/IVS_Schweiz_Heimatverbunden.jpg\",\"datePublished\":\"2025-04-08T12:46:24+00:00\",\"dateModified\":\"2025-04-22T07:16:02+00:00\",\"description\":\"IVS - Institut f\u00fcr Verm\u00f6genssicherung offers customized, modular services for families and individuals in German-speaking countries.\",\"breadcrumb\":{\"@id\":\"https:\\\/\\\/www.ivs-group.ch\\\/en\\\/#breadcrumb\"},\"inLanguage\":\"en-US\",\"potentialAction\":[{\"@type\":\"ReadAction\",\"target\":[\"https:\\\/\\\/www.ivs-group.ch\\\/en\\\/\"]}]},{\"@type\":\"ImageObject\",\"inLanguage\":\"en-US\",\"@id\":\"https:\\\/\\\/www.ivs-group.ch\\\/en\\\/#primaryimage\",\"url\":\"https:\\\/\\\/www.ivs-group.ch\\\/wp-content\\\/uploads\\\/2025\\\/04\\\/IVS_Schweiz_Heimatverbunden.jpg\",\"contentUrl\":\"https:\\\/\\\/www.ivs-group.ch\\\/wp-content\\\/uploads\\\/2025\\\/04\\\/IVS_Schweiz_Heimatverbunden.jpg\",\"width\":1920,\"height\":1078},{\"@type\":\"BreadcrumbList\",\"@id\":\"https:\\\/\\\/www.ivs-group.ch\\\/en\\\/#breadcrumb\",\"itemListElement\":[{\"@type\":\"ListItem\",\"position\":1,\"name\":\"Home\",\"item\":\"https:\\\/\\\/www.ivs-group.ch\\\/en\\\/\"},{\"@type\":\"ListItem\",\"position\":2,\"name\":\"Home\"}]},{\"@type\":\"WebSite\",\"@id\":\"https:\\\/\\\/www.ivs-group.ch\\\/en\\\/#website\",\"url\":\"https:\\\/\\\/www.ivs-group.ch\\\/en\\\/\",\"name\":\"IVS - Institut f\u00fcr Verm\u00f6genssicherung\",\"description\":\"\",\"publisher\":{\"@id\":\"https:\\\/\\\/www.ivs-group.ch\\\/en\\\/#organization\"},\"potentialAction\":[{\"@type\":\"SearchAction\",\"target\":{\"@type\":\"EntryPoint\",\"urlTemplate\":\"https:\\\/\\\/www.ivs-group.ch\\\/en\\\/?s={search_term_string}\"},\"query-input\":{\"@type\":\"PropertyValueSpecification\",\"valueRequired\":true,\"valueName\":\"search_term_string\"}}],\"inLanguage\":\"en-US\"},{\"@type\":\"Organization\",\"@id\":\"https:\\\/\\\/www.ivs-group.ch\\\/en\\\/#organization\",\"name\":\"IVS - Institut f\u00fcr Verm\u00f6genssicherung\",\"url\":\"https:\\\/\\\/www.ivs-group.ch\\\/en\\\/\",\"logo\":{\"@type\":\"ImageObject\",\"inLanguage\":\"en-US\",\"@id\":\"https:\\\/\\\/www.ivs-group.ch\\\/en\\\/#\\\/schema\\\/logo\\\/image\\\/\",\"url\":\"https:\\\/\\\/www.ivs-group.ch\\\/wp-content\\\/uploads\\\/2025\\\/04\\\/IVS_Logo_Bordeaux_LogoSchriftzugMittig_mitSicherheitsabstand_klein_RGB-300.png\",\"contentUrl\":\"https:\\\/\\\/www.ivs-group.ch\\\/wp-content\\\/uploads\\\/2025\\\/04\\\/IVS_Logo_Bordeaux_LogoSchriftzugMittig_mitSicherheitsabstand_klein_RGB-300.png\",\"width\":300,\"height\":245,\"caption\":\"IVS - Institut f\u00fcr Verm\u00f6genssicherung\"},\"image\":{\"@id\":\"https:\\\/\\\/www.ivs-group.ch\\\/en\\\/#\\\/schema\\\/logo\\\/image\\\/\"}}]}<\/script>\n<!-- \/ Yoast SEO plugin. -->","yoast_head_json":{"title":"Home - IVS - Institut f\u00fcr Verm\u00f6genssicherung","description":"IVS - Institut f\u00fcr Verm\u00f6genssicherung offers customized, modular services for families and individuals in German-speaking countries.","robots":{"index":"index","follow":"follow","max-snippet":"max-snippet:-1","max-image-preview":"max-image-preview:large","max-video-preview":"max-video-preview:-1"},"canonical":"https:\/\/www.ivs-group.ch\/en\/","og_locale":"en_US","og_type":"article","og_title":"Home - IVS - Institut f\u00fcr Verm\u00f6genssicherung","og_description":"IVS - Institut f\u00fcr Verm\u00f6genssicherung offers customized, modular services for families and individuals in German-speaking countries.","og_url":"https:\/\/www.ivs-group.ch\/en\/","og_site_name":"IVS - Institut f\u00fcr Verm\u00f6genssicherung","article_modified_time":"2025-04-22T07:16:02+00:00","og_image":[{"width":1920,"height":1078,"url":"https:\/\/www.ivs-group.ch\/wp-content\/uploads\/2025\/04\/IVS_Schweiz_Heimatverbunden.jpg","type":"image\/jpeg"}],"twitter_card":"summary_large_image","schema":{"@context":"https:\/\/schema.org","@graph":[{"@type":"WebPage","@id":"https:\/\/www.ivs-group.ch\/en\/","url":"https:\/\/www.ivs-group.ch\/en\/","name":"Home - IVS - Institut f\u00fcr Verm\u00f6genssicherung","isPartOf":{"@id":"https:\/\/www.ivs-group.ch\/en\/#website"},"primaryImageOfPage":{"@id":"https:\/\/www.ivs-group.ch\/en\/#primaryimage"},"image":{"@id":"https:\/\/www.ivs-group.ch\/en\/#primaryimage"},"thumbnailUrl":"https:\/\/www.ivs-group.ch\/wp-content\/uploads\/2025\/04\/IVS_Schweiz_Heimatverbunden.jpg","datePublished":"2025-04-08T12:46:24+00:00","dateModified":"2025-04-22T07:16:02+00:00","description":"IVS - Institut f\u00fcr Verm\u00f6genssicherung offers customized, modular services for families and individuals in German-speaking countries.","breadcrumb":{"@id":"https:\/\/www.ivs-group.ch\/en\/#breadcrumb"},"inLanguage":"en-US","potentialAction":[{"@type":"ReadAction","target":["https:\/\/www.ivs-group.ch\/en\/"]}]},{"@type":"ImageObject","inLanguage":"en-US","@id":"https:\/\/www.ivs-group.ch\/en\/#primaryimage","url":"https:\/\/www.ivs-group.ch\/wp-content\/uploads\/2025\/04\/IVS_Schweiz_Heimatverbunden.jpg","contentUrl":"https:\/\/www.ivs-group.ch\/wp-content\/uploads\/2025\/04\/IVS_Schweiz_Heimatverbunden.jpg","width":1920,"height":1078},{"@type":"BreadcrumbList","@id":"https:\/\/www.ivs-group.ch\/en\/#breadcrumb","itemListElement":[{"@type":"ListItem","position":1,"name":"Home","item":"https:\/\/www.ivs-group.ch\/en\/"},{"@type":"ListItem","position":2,"name":"Home"}]},{"@type":"WebSite","@id":"https:\/\/www.ivs-group.ch\/en\/#website","url":"https:\/\/www.ivs-group.ch\/en\/","name":"IVS - Institut f\u00fcr Verm\u00f6genssicherung","description":"","publisher":{"@id":"https:\/\/www.ivs-group.ch\/en\/#organization"},"potentialAction":[{"@type":"SearchAction","target":{"@type":"EntryPoint","urlTemplate":"https:\/\/www.ivs-group.ch\/en\/?s={search_term_string}"},"query-input":{"@type":"PropertyValueSpecification","valueRequired":true,"valueName":"search_term_string"}}],"inLanguage":"en-US"},{"@type":"Organization","@id":"https:\/\/www.ivs-group.ch\/en\/#organization","name":"IVS - Institut f\u00fcr Verm\u00f6genssicherung","url":"https:\/\/www.ivs-group.ch\/en\/","logo":{"@type":"ImageObject","inLanguage":"en-US","@id":"https:\/\/www.ivs-group.ch\/en\/#\/schema\/logo\/image\/","url":"https:\/\/www.ivs-group.ch\/wp-content\/uploads\/2025\/04\/IVS_Logo_Bordeaux_LogoSchriftzugMittig_mitSicherheitsabstand_klein_RGB-300.png","contentUrl":"https:\/\/www.ivs-group.ch\/wp-content\/uploads\/2025\/04\/IVS_Logo_Bordeaux_LogoSchriftzugMittig_mitSicherheitsabstand_klein_RGB-300.png","width":300,"height":245,"caption":"IVS - Institut f\u00fcr Verm\u00f6genssicherung"},"image":{"@id":"https:\/\/www.ivs-group.ch\/en\/#\/schema\/logo\/image\/"}}]}},"_links":{"self":[{"href":"https:\/\/www.ivs-group.ch\/en\/wp-json\/wp\/v2\/pages\/285","targetHints":{"allow":["GET"]}}],"collection":[{"href":"https:\/\/www.ivs-group.ch\/en\/wp-json\/wp\/v2\/pages"}],"about":[{"href":"https:\/\/www.ivs-group.ch\/en\/wp-json\/wp\/v2\/types\/page"}],"author":[{"embeddable":true,"href":"https:\/\/www.ivs-group.ch\/en\/wp-json\/wp\/v2\/users\/1"}],"replies":[{"embeddable":true,"href":"https:\/\/www.ivs-group.ch\/en\/wp-json\/wp\/v2\/comments?post=285"}],"version-history":[{"count":7,"href":"https:\/\/www.ivs-group.ch\/en\/wp-json\/wp\/v2\/pages\/285\/revisions"}],"predecessor-version":[{"id":525,"href":"https:\/\/www.ivs-group.ch\/en\/wp-json\/wp\/v2\/pages\/285\/revisions\/525"}],"wp:featuredmedia":[{"embeddable":true,"href":"https:\/\/www.ivs-group.ch\/en\/wp-json\/wp\/v2\/media\/461"}],"wp:attachment":[{"href":"https:\/\/www.ivs-group.ch\/en\/wp-json\/wp\/v2\/media?parent=285"}],"curies":[{"name":"wp","href":"https:\/\/api.w.org\/{rel}","templated":true}]}}